{"id":29006,"date":"2018-10-30T17:44:06","date_gmt":"2018-10-30T17:44:06","guid":{"rendered":"https:\/\/canprev.ca\/where-to-buy\/"},"modified":"2025-07-02T11:16:06","modified_gmt":"2025-07-02T11:16:06","slug":"where-to-buy","status":"publish","type":"page","link":"https:\/\/canprev.ca\/fr-ca\/where-to-buy\/","title":{"rendered":"O\u00f9 acheter"},"content":{"rendered":"<div class=\"fusion-fullwidth fullwidth-box fusion-builder-row-1 nonhundred-percent-fullwidth non-hundred-percent-height-scrolling\" style=\"--awb-border-radius-top-left:0px;--awb-border-radius-top-right:0px;--awb-border-radius-bottom-right:0px;--awb-border-radius-bottom-left:0px;--awb-flex-wrap:wrap;\" ><div class=\"fusion-builder-row fusion-row\"><div class=\"fusion-layout-column fusion_builder_column fusion-builder-column-0 fusion_builder_column_1_1 1_1 fusion-one-full fusion-column-first fusion-column-last\" style=\"--awb-bg-size:cover;--awb-margin-bottom:0px;\"><div class=\"fusion-column-wrapper fusion-flex-column-wrapper-legacy\"><div class=\"fusion-text fusion-text-1\"><h1 style=\"color: #13266f; width: 327px;\">O\u00f9 acheter<\/h1>\n<p>Vous pouvez trouver les produits CanPrev chez les d\u00e9taillants d&rsquo;aliments de sant\u00e9, chez votre naturopathe ou en ligne, partout au Canada et \u00e0 l&rsquo;\u00e9tranger! Trouvez un d\u00e9taillant pr\u00e8s de chez vous; nous vous recommandons de l&rsquo;appeler au pr\u00e9alable pour vous assurer qu&rsquo;il offre le produit que vous cherchez.<\/p>\n<p><!--<br \/><script async defer src=\"https:\/\/maps.googleapis.com\/maps\/api\/js?key=AIzaSyCCT2vkAL4T5CTi668z9cyHb_PWmXaT5vY&libraries=places&callback=initMap\"><\/script><br \/>--><\/p>\n<p><!-- STORE LOCATOR SCRIPT--><br \/><script src=\"\/wp-content\/themes\/Avada-Child-Theme\/store-locator\/store-locator-min.js\"><\/script><\/p>\n<div class=\"col-md-12\" style=\"padding: 0;\">\n<div class=\"form-group\">\n<p><input id=\"location\" class=\"form-control\" style=\"border: 1px solid #dedede;\" type=\"text\" placeholder=\"Enter Location\" \/><\/p>\n<\/div>\n<\/div>\n<div id=\"map\" class=\"col-md-8\" style=\"height: 500px;\"><\/div>\n<\/p>\n<div id=\"storeCont\" class=\"col-md-4\" style=\"height: 500px; border: 0.5px solid #dedede; overflow-y: scroll;\"><\/div>\n<p><script src=\"\/wp-content\/themes\/Avada-Child-Theme\/store-locator\/whereTo.js\"><\/script><\/p>\n<h2>Trouvez CanPrev chez votre d\u00e9taillant en ligne pr\u00e9f\u00e9r\u00e9<\/h2>\n<\/p>\n<div class=\"col-4 col-md-4 col-sm-6 col-xs-6\"><a href=\"https:\/\/www.healthyplanetcanada.com\/products\/canprev.html\" target=\"_blank\" rel=\"noopener\"><img decoding=\"async\" class=\"alignnone wp-image-12709 size-full icon-gap\" src=\"https:\/\/canprev.ca\/wp-content\/uploads\/2019\/01\/HP-Logo.jpg\" alt=\"\" width=\"220\" height=\"81\" srcset=\"https:\/\/canprev.ca\/wp-content\/uploads\/2019\/01\/HP-Logo-200x74.jpg 200w, https:\/\/canprev.ca\/wp-content\/uploads\/2019\/01\/HP-Logo.jpg 220w\" sizes=\"(max-width: 220px) 100vw, 220px\" \/><\/a><\/div>\n<\/p>\n<div class=\"col-4 col-md-4 col-sm-6 col-xs-6\"><a href=\"https:\/\/www.vitamart.ca\/canprev\" target=\"_blank\" rel=\"noopener\"><img decoding=\"async\" class=\"alignnone wp-image-12711 size-full icon-gap\" src=\"https:\/\/canprev.ca\/wp-content\/uploads\/2019\/01\/vitamart-logo.jpg\" alt=\"\" width=\"220\" height=\"81\" srcset=\"https:\/\/canprev.ca\/wp-content\/uploads\/2019\/01\/vitamart-logo-200x74.jpg 200w, https:\/\/canprev.ca\/wp-content\/uploads\/2019\/01\/vitamart-logo.jpg 220w\" sizes=\"(max-width: 220px) 100vw, 220px\" \/><\/a><\/div>\n<\/p>\n<div class=\"col-4 col-md-4 col-sm-6 col-xs-6\"><a href=\"https:\/\/www.vitasave.ca\/search?q=canprev\" target=\"_blank\" rel=\"noopener\"><img decoding=\"async\" class=\"alignnone wp-image-12713 size-full icon-gap\" src=\"https:\/\/canprev.ca\/wp-content\/uploads\/2019\/01\/vitasave-logo.jpg\" alt=\"\" width=\"220\" height=\"81\" srcset=\"https:\/\/canprev.ca\/wp-content\/uploads\/2019\/01\/vitasave-logo-200x74.jpg 200w, https:\/\/canprev.ca\/wp-content\/uploads\/2019\/01\/vitasave-logo.jpg 220w\" sizes=\"(max-width: 220px) 100vw, 220px\" \/><\/a><\/div>\n<\/p>\n<div class=\"col-4 col-md-4 col-sm-6 col-xs-6\"><a href=\"https:\/\/well.ca\/brand\/canprev.html\" target=\"_blank\" rel=\"noopener\"><img decoding=\"async\" class=\"alignnone wp-image-12714 size-full icon-gap\" src=\"https:\/\/canprev.ca\/wp-content\/uploads\/2019\/01\/well-logo.jpg\" alt=\"\" width=\"220\" height=\"81\" srcset=\"https:\/\/canprev.ca\/wp-content\/uploads\/2019\/01\/well-logo-200x74.jpg 200w, https:\/\/canprev.ca\/wp-content\/uploads\/2019\/01\/well-logo.jpg 220w\" sizes=\"(max-width: 220px) 100vw, 220px\" \/><\/a><\/div>\n<\/p>\n<div class=\"col-4 col-md-4 col-sm-6 col-xs-6\"><a href=\"https:\/\/www.natures-source.com\/collections\/canprev-natural-health-vitamins-and-supplements\"><img decoding=\"async\" class=\"alignnone wp-image-12714 size-full icon-gap\" src=\"https:\/\/canprev.ca\/wp-content\/uploads\/2021\/09\/N.Source-N.Signature-Logo.png\" alt=\"N.Source-N.Signature-Logo\" width=\"220\" \/><\/a><\/div>\n<\/p>\n<div class=\"col-4 col-md-4 col-sm-6 col-xs-6\"><a href=\"https:\/\/www.nationalnutrition.ca\/\"><img decoding=\"async\" class=\"alignnone wp-image-22645 icon-gap\" src=\"https:\/\/canprev.ca\/wp-content\/uploads\/2024\/01\/National-Nutrition-CanPrev-Logo.png\" alt=\"National Nutrition.ca\" width=\"174\" height=\"64\" srcset=\"https:\/\/canprev.ca\/wp-content\/uploads\/2024\/01\/National-Nutrition-CanPrev-Logo-200x74.png 200w, https:\/\/canprev.ca\/wp-content\/uploads\/2024\/01\/National-Nutrition-CanPrev-Logo.png 220w\" sizes=\"(max-width: 174px) 100vw, 174px\" \/><\/a><\/div>\n<\/p>\n<div class=\"col-4 col-md-4 col-sm-6 col-xs-6\"><a href=\"https:\/\/www.vitamintree.ca\/collections\/canprev\" target=\"_blank\" rel=\"noopener\"><img decoding=\"async\" class=\"alignnone wp-image-22645 icon-gap\" src=\"https:\/\/canprev.ca\/wp-content\/uploads\/2025\/04\/vitamin-tree.png\" alt=\"Vitamin Tree width=\" height=\"64\" \/><\/a><\/div>\n<\/p>\n<div><\/div>\n<\/p>\n<div class=\"col-4 col-md-4 col-sm-6 col-xs-6 mt-em\"><\/div>\n<\/p>\n<div class=\"col-4 col-md-4 col-sm-6 col-xs-6 mt-em\"><\/div>\n<\/p>\n<div class=\"col-4 col-md-4 col-sm-6 col-xs-6 mt-em\"><\/div>\n<p><!--<br \/>\n\n\n\n<div class=\"col-4 col-md-4 col-sm-6 col-xs-6\">\n<a href=\"https:\/\/www.nationalnutrition.ca\/SearchResult.aspx?Manufacturer=71\" target=\"_blank\" rel=\"noopener\"><img decoding=\"async\" class=\"alignnone wp-image-12713 size-full\" src=\"https:\/\/canprev.ca\/wp-content\/uploads\/2019\/01\/nationalnutrition-logo.jpg\" alt=\"\" width=\"220\" height=\"81\" \/><\/a><\/div>\n\n\n\n<br \/>--><\/p>\n<div style=\"clear: both;\"><\/div>\n<\/p>\n<h2>Commandes internationales<\/h2>\n<p>Pour les personnes r\u00e9sidant aux \u00c9tats-Unis, veuillez consulter la liste de nos d\u00e9taillants agr\u00e9\u00e9s \u00e0 l&rsquo;adresse <span style=\"color: #0000ff;\"><a href=\"https:\/\/canprev.com\/find-a-store\/\"><span style=\"color: #0000ff;\">canprev.com\/find-a-store<\/span><\/a>.<\/span><\/p>\n<p>Si vous \u00eates un consommateur r\u00e9sidant \u00e0 l&rsquo;\u00e9tranger et souhaitez commander nos produits, veuillez utiliser la carte ci-dessus pour trouver le d\u00e9taillant le plus pr\u00e8s de chez vous ou s\u00e9lectionner l&rsquo;un des d\u00e9taillants en ligne indiqu\u00e9s ci-dessus. Vous souhaitez devenir distributeur international? Envoyez-nous un courriel \u00e0 <a href=\"mailto:internationalorders@canprev.ca\">internationalorders@canprev.ca<\/a>.<\/p>\n<\/div><div class=\"fusion-clearfix\"><\/div><\/div><\/div><\/div><\/div>\n","protected":false},"excerpt":{"rendered":"","protected":false},"author":12,"featured_media":25638,"parent":0,"menu_order":0,"comment_status":"closed","ping_status":"closed","template":"","meta":{"_acf_changed":false,"inline_featured_image":false,"_glsr_average":0,"_glsr_ranking":0,"_glsr_reviews":0,"footnotes":""},"class_list":["post-29006","page","type-page","status-publish","has-post-thumbnail","hentry"],"acf":[],"aioseo_notices":[],"_links":{"self":[{"href":"https:\/\/canprev.ca\/fr-ca\/wp-json\/wp\/v2\/pages\/29006","targetHints":{"allow":["GET"]}}],"collection":[{"href":"https:\/\/canprev.ca\/fr-ca\/wp-json\/wp\/v2\/pages"}],"about":[{"href":"https:\/\/canprev.ca\/fr-ca\/wp-json\/wp\/v2\/types\/page"}],"author":[{"embeddable":true,"href":"https:\/\/canprev.ca\/fr-ca\/wp-json\/wp\/v2\/users\/12"}],"replies":[{"embeddable":true,"href":"https:\/\/canprev.ca\/fr-ca\/wp-json\/wp\/v2\/comments?post=29006"}],"version-history":[{"count":0,"href":"https:\/\/canprev.ca\/fr-ca\/wp-json\/wp\/v2\/pages\/29006\/revisions"}],"wp:featuredmedia":[{"embeddable":true,"href":"https:\/\/canprev.ca\/fr-ca\/wp-json\/wp\/v2\/media\/25638"}],"wp:attachment":[{"href":"https:\/\/canprev.ca\/fr-ca\/wp-json\/wp\/v2\/media?parent=29006"}],"curies":[{"name":"wp","href":"https:\/\/api.w.org\/{rel}","templated":true}]}}